{"id":118,"date":"2017-03-22T14:36:52","date_gmt":"2017-03-22T13:36:52","guid":{"rendered":"https:\/\/kleurrijkjulianadorp.nl\/?page_id=118\/"},"modified":"2024-09-12T14:50:10","modified_gmt":"2024-09-12T12:50:10","slug":"kleurrijk-julianadorp","status":"publish","type":"page","link":"https:\/\/kleurrijkjulianadorp.nl\/de\/","title":{"rendered":"Kleurrijk Julianadorp"},"content":{"rendered":"<p class=\"query-text-line ng-star-inserted\"><strong>Der April ist einer der sch\u00f6nsten Monate des Jahres in Julianadorp<\/strong>. Julianadorp befindet sich im gr\u00f6\u00dften zusammenh\u00e4ngenden Blumenzwiebelgebiet der Welt. Wenn alles bl\u00fcht, k\u00f6nnen Sie die Farbpracht der vielen Blumen genie\u00dfen. Von den D\u00fcnen aus ist das ein pr\u00e4chtiges Bild. Auch mit den D\u00fcnen im Hintergrund ist die Aussicht einfach nur toll.<\/p>\n<p>&nbsp;<\/p>\n<p class=\"query-text-line ng-star-inserted\"><strong>\u201cKleurrijk Julianadorp\u201d m\u00f6chte Sie die Blumen optimal genie\u00dfen lassen<\/strong>. Deshalb bieten wir im April ein abwechslungsreiches Programm an: malen, Blumen binden, fotografieren, aber auch zwischen den Blumenfeldern zu Abend essen oder zwischen den Tulpen zu brunchen. Julianadorp sollte man im April wirklich nicht verpassen!<\/p>\n<p>&nbsp;<\/p>\n<p class=\"query-text-line ng-star-inserted\">Am 25. April (das exakte Datum ist vom Wetter abh\u00e4ngig, es wird auf der Webseite bekanntgegeben) haben Sie die M\u00f6glichkeit, zwischen den Blumenfeldern zu wandern. F\u00fcr diesen Tag werden spezielle Wanderrouten entworfen, die 7,5 km und 15 km lang sind. Genie\u00dfen Sie den sch\u00f6nen Ausblick zwischen den Blumen. Machen Sie aus der N\u00e4he Fotos und genie\u00dfen Sie die Natur in ihrer sch\u00f6nsten Form.<\/p>\n","protected":false},"excerpt":{"rendered":"<p>Der April ist einer der sch\u00f6nsten Monate des Jahres in Julianadorp. Julianadorp befindet sich im gr\u00f6\u00dften zusammenh\u00e4ngenden Blumenzwiebelgebiet der Welt. Wenn alles bl\u00fcht, k\u00f6nnen Sie die Farbpracht der vielen Blumen genie\u00dfen. Von den D\u00fcnen aus ist das ein pr\u00e4chtiges Bild. Auch mit den D\u00fcnen im Hintergrund ist die Aussicht einfach nur toll. &nbsp; \u201cKleurrijk Julianadorp\u201d [&hellip;]<\/p>\n","protected":false},"author":1,"featured_media":1957,"parent":0,"menu_order":0,"comment_status":"closed","ping_status":"closed","template":"page sidebar.php","meta":{"_acf_changed":false,"footnotes":""},"class_list":["post-118","page","type-page","status-publish","has-post-thumbnail","hentry"],"acf":[],"yoast_head":"<!-- This site is optimized with the Yoast SEO plugin v27.3 - https:\/\/yoast.com\/product\/yoast-seo-wordpress\/ -->\n<title>Kleurrijk Julianadorp - Kleurrijk Julianadorp<\/title>\n<meta name=\"robots\" content=\"index, follow, max-snippet:-1, max-image-preview:large, max-video-preview:-1\" \/>\n<link rel=\"canonical\" href=\"https:\/\/kleurrijkjulianadorp.nl\/de\/\" \/>\n<meta property=\"og:locale\" content=\"de_DE\" \/>\n<meta property=\"og:type\" content=\"article\" \/>\n<meta property=\"og:title\" content=\"Kleurrijk Julianadorp - Kleurrijk Julianadorp\" \/>\n<meta property=\"og:description\" content=\"Der April ist einer der sch\u00f6nsten Monate des Jahres in Julianadorp. Julianadorp befindet sich im gr\u00f6\u00dften zusammenh\u00e4ngenden Blumenzwiebelgebiet der Welt. Wenn alles bl\u00fcht, k\u00f6nnen Sie die Farbpracht der vielen Blumen genie\u00dfen. Von den D\u00fcnen aus ist das ein pr\u00e4chtiges Bild. Auch mit den D\u00fcnen im Hintergrund ist die Aussicht einfach nur toll. &nbsp; \u201cKleurrijk Julianadorp\u201d [&hellip;]\" \/>\n<meta property=\"og:url\" content=\"https:\/\/kleurrijkjulianadorp.nl\/de\/\" \/>\n<meta property=\"og:site_name\" content=\"Kleurrijk Julianadorp\" \/>\n<meta property=\"article:publisher\" content=\"https:\/\/www.facebook.com\/KleurrijkJulianadorp\/\" \/>\n<meta property=\"article:modified_time\" content=\"2024-09-12T12:50:10+00:00\" \/>\n<meta property=\"og:image\" content=\"https:\/\/kleurrijkjulianadorp.nl\/wp-content\/uploads\/2023\/02\/i-7hqh2BS-X2-1.jpg\" \/>\n\t<meta property=\"og:image:width\" content=\"1279\" \/>\n\t<meta property=\"og:image:height\" content=\"853\" \/>\n\t<meta property=\"og:image:type\" content=\"image\/jpeg\" \/>\n<meta name=\"twitter:card\" content=\"summary_large_image\" \/>\n<script type=\"application\/ld+json\" class=\"yoast-schema-graph\">{\"@context\":\"https:\\\/\\\/schema.org\",\"@graph\":[{\"@type\":\"WebPage\",\"@id\":\"https:\\\/\\\/kleurrijkjulianadorp.nl\\\/de\\\/\",\"url\":\"https:\\\/\\\/kleurrijkjulianadorp.nl\\\/de\\\/\",\"name\":\"Kleurrijk Julianadorp - Kleurrijk Julianadorp\",\"isPartOf\":{\"@id\":\"https:\\\/\\\/kleurrijkjulianadorp.nl\\\/de\\\/#website\"},\"primaryImageOfPage\":{\"@id\":\"https:\\\/\\\/kleurrijkjulianadorp.nl\\\/de\\\/#primaryimage\"},\"image\":{\"@id\":\"https:\\\/\\\/kleurrijkjulianadorp.nl\\\/de\\\/#primaryimage\"},\"thumbnailUrl\":\"https:\\\/\\\/kleurrijkjulianadorp.nl\\\/wp-content\\\/uploads\\\/2025\\\/11\\\/IlseKootkar-Fotografie-2025-70.jpg\",\"datePublished\":\"2017-03-22T13:36:52+00:00\",\"dateModified\":\"2024-09-12T12:50:10+00:00\",\"breadcrumb\":{\"@id\":\"https:\\\/\\\/kleurrijkjulianadorp.nl\\\/de\\\/#breadcrumb\"},\"inLanguage\":\"de\",\"potentialAction\":[{\"@type\":\"ReadAction\",\"target\":[\"https:\\\/\\\/kleurrijkjulianadorp.nl\\\/de\\\/\"]}]},{\"@type\":\"ImageObject\",\"inLanguage\":\"de\",\"@id\":\"https:\\\/\\\/kleurrijkjulianadorp.nl\\\/de\\\/#primaryimage\",\"url\":\"https:\\\/\\\/kleurrijkjulianadorp.nl\\\/wp-content\\\/uploads\\\/2025\\\/11\\\/IlseKootkar-Fotografie-2025-70.jpg\",\"contentUrl\":\"https:\\\/\\\/kleurrijkjulianadorp.nl\\\/wp-content\\\/uploads\\\/2025\\\/11\\\/IlseKootkar-Fotografie-2025-70.jpg\",\"width\":2560,\"height\":1707},{\"@type\":\"BreadcrumbList\",\"@id\":\"https:\\\/\\\/kleurrijkjulianadorp.nl\\\/de\\\/#breadcrumb\",\"itemListElement\":[{\"@type\":\"ListItem\",\"position\":1,\"name\":\"Home\",\"item\":\"https:\\\/\\\/kleurrijkjulianadorp.nl\\\/de\\\/\"},{\"@type\":\"ListItem\",\"position\":2,\"name\":\"Kleurrijk Julianadorp\"}]},{\"@type\":\"WebSite\",\"@id\":\"https:\\\/\\\/kleurrijkjulianadorp.nl\\\/de\\\/#website\",\"url\":\"https:\\\/\\\/kleurrijkjulianadorp.nl\\\/de\\\/\",\"name\":\"Kleurrijk Julianadorp\",\"description\":\"De kop van Noord Holland op z&#039;n mooist\",\"publisher\":{\"@id\":\"https:\\\/\\\/kleurrijkjulianadorp.nl\\\/de\\\/#organization\"},\"potentialAction\":[{\"@type\":\"SearchAction\",\"target\":{\"@type\":\"EntryPoint\",\"urlTemplate\":\"https:\\\/\\\/kleurrijkjulianadorp.nl\\\/de\\\/?s={search_term_string}\"},\"query-input\":{\"@type\":\"PropertyValueSpecification\",\"valueRequired\":true,\"valueName\":\"search_term_string\"}}],\"inLanguage\":\"de\"},{\"@type\":\"Organization\",\"@id\":\"https:\\\/\\\/kleurrijkjulianadorp.nl\\\/de\\\/#organization\",\"name\":\"Kleurrijk Julianadorp\",\"url\":\"https:\\\/\\\/kleurrijkjulianadorp.nl\\\/de\\\/\",\"logo\":{\"@type\":\"ImageObject\",\"inLanguage\":\"de\",\"@id\":\"https:\\\/\\\/kleurrijkjulianadorp.nl\\\/de\\\/#\\\/schema\\\/logo\\\/image\\\/\",\"url\":\"https:\\\/\\\/kleurrijkjulianadorp.nl\\\/wp-content\\\/uploads\\\/2023\\\/02\\\/i-7hqh2BS-X2.jpg\",\"contentUrl\":\"https:\\\/\\\/kleurrijkjulianadorp.nl\\\/wp-content\\\/uploads\\\/2023\\\/02\\\/i-7hqh2BS-X2.jpg\",\"width\":1279,\"height\":853,\"caption\":\"Kleurrijk Julianadorp\"},\"image\":{\"@id\":\"https:\\\/\\\/kleurrijkjulianadorp.nl\\\/de\\\/#\\\/schema\\\/logo\\\/image\\\/\"},\"sameAs\":[\"https:\\\/\\\/www.facebook.com\\\/KleurrijkJulianadorp\\\/\",\"https:\\\/\\\/www.instagram.com\\\/kleurrijkjulianadorp\\\/\"]}]}<\/script>\n<!-- \/ Yoast SEO plugin. -->","yoast_head_json":{"title":"Kleurrijk Julianadorp - Kleurrijk Julianadorp","robots":{"index":"index","follow":"follow","max-snippet":"max-snippet:-1","max-image-preview":"max-image-preview:large","max-video-preview":"max-video-preview:-1"},"canonical":"https:\/\/kleurrijkjulianadorp.nl\/de\/","og_locale":"de_DE","og_type":"article","og_title":"Kleurrijk Julianadorp - Kleurrijk Julianadorp","og_description":"Der April ist einer der sch\u00f6nsten Monate des Jahres in Julianadorp. Julianadorp befindet sich im gr\u00f6\u00dften zusammenh\u00e4ngenden Blumenzwiebelgebiet der Welt. Wenn alles bl\u00fcht, k\u00f6nnen Sie die Farbpracht der vielen Blumen genie\u00dfen. Von den D\u00fcnen aus ist das ein pr\u00e4chtiges Bild. Auch mit den D\u00fcnen im Hintergrund ist die Aussicht einfach nur toll. &nbsp; \u201cKleurrijk Julianadorp\u201d [&hellip;]","og_url":"https:\/\/kleurrijkjulianadorp.nl\/de\/","og_site_name":"Kleurrijk Julianadorp","article_publisher":"https:\/\/www.facebook.com\/KleurrijkJulianadorp\/","article_modified_time":"2024-09-12T12:50:10+00:00","og_image":[{"width":1279,"height":853,"url":"https:\/\/kleurrijkjulianadorp.nl\/wp-content\/uploads\/2023\/02\/i-7hqh2BS-X2-1.jpg","type":"image\/jpeg"}],"twitter_card":"summary_large_image","schema":{"@context":"https:\/\/schema.org","@graph":[{"@type":"WebPage","@id":"https:\/\/kleurrijkjulianadorp.nl\/de\/","url":"https:\/\/kleurrijkjulianadorp.nl\/de\/","name":"Kleurrijk Julianadorp - Kleurrijk Julianadorp","isPartOf":{"@id":"https:\/\/kleurrijkjulianadorp.nl\/de\/#website"},"primaryImageOfPage":{"@id":"https:\/\/kleurrijkjulianadorp.nl\/de\/#primaryimage"},"image":{"@id":"https:\/\/kleurrijkjulianadorp.nl\/de\/#primaryimage"},"thumbnailUrl":"https:\/\/kleurrijkjulianadorp.nl\/wp-content\/uploads\/2025\/11\/IlseKootkar-Fotografie-2025-70.jpg","datePublished":"2017-03-22T13:36:52+00:00","dateModified":"2024-09-12T12:50:10+00:00","breadcrumb":{"@id":"https:\/\/kleurrijkjulianadorp.nl\/de\/#breadcrumb"},"inLanguage":"de","potentialAction":[{"@type":"ReadAction","target":["https:\/\/kleurrijkjulianadorp.nl\/de\/"]}]},{"@type":"ImageObject","inLanguage":"de","@id":"https:\/\/kleurrijkjulianadorp.nl\/de\/#primaryimage","url":"https:\/\/kleurrijkjulianadorp.nl\/wp-content\/uploads\/2025\/11\/IlseKootkar-Fotografie-2025-70.jpg","contentUrl":"https:\/\/kleurrijkjulianadorp.nl\/wp-content\/uploads\/2025\/11\/IlseKootkar-Fotografie-2025-70.jpg","width":2560,"height":1707},{"@type":"BreadcrumbList","@id":"https:\/\/kleurrijkjulianadorp.nl\/de\/#breadcrumb","itemListElement":[{"@type":"ListItem","position":1,"name":"Home","item":"https:\/\/kleurrijkjulianadorp.nl\/de\/"},{"@type":"ListItem","position":2,"name":"Kleurrijk Julianadorp"}]},{"@type":"WebSite","@id":"https:\/\/kleurrijkjulianadorp.nl\/de\/#website","url":"https:\/\/kleurrijkjulianadorp.nl\/de\/","name":"Kleurrijk Julianadorp","description":"De kop van Noord Holland op z&#039;n mooist","publisher":{"@id":"https:\/\/kleurrijkjulianadorp.nl\/de\/#organization"},"potentialAction":[{"@type":"SearchAction","target":{"@type":"EntryPoint","urlTemplate":"https:\/\/kleurrijkjulianadorp.nl\/de\/?s={search_term_string}"},"query-input":{"@type":"PropertyValueSpecification","valueRequired":true,"valueName":"search_term_string"}}],"inLanguage":"de"},{"@type":"Organization","@id":"https:\/\/kleurrijkjulianadorp.nl\/de\/#organization","name":"Kleurrijk Julianadorp","url":"https:\/\/kleurrijkjulianadorp.nl\/de\/","logo":{"@type":"ImageObject","inLanguage":"de","@id":"https:\/\/kleurrijkjulianadorp.nl\/de\/#\/schema\/logo\/image\/","url":"https:\/\/kleurrijkjulianadorp.nl\/wp-content\/uploads\/2023\/02\/i-7hqh2BS-X2.jpg","contentUrl":"https:\/\/kleurrijkjulianadorp.nl\/wp-content\/uploads\/2023\/02\/i-7hqh2BS-X2.jpg","width":1279,"height":853,"caption":"Kleurrijk Julianadorp"},"image":{"@id":"https:\/\/kleurrijkjulianadorp.nl\/de\/#\/schema\/logo\/image\/"},"sameAs":["https:\/\/www.facebook.com\/KleurrijkJulianadorp\/","https:\/\/www.instagram.com\/kleurrijkjulianadorp\/"]}]}},"_links":{"self":[{"href":"https:\/\/kleurrijkjulianadorp.nl\/de\/wp-json\/wp\/v2\/pages\/118","targetHints":{"allow":["GET"]}}],"collection":[{"href":"https:\/\/kleurrijkjulianadorp.nl\/de\/wp-json\/wp\/v2\/pages"}],"about":[{"href":"https:\/\/kleurrijkjulianadorp.nl\/de\/wp-json\/wp\/v2\/types\/page"}],"author":[{"embeddable":true,"href":"https:\/\/kleurrijkjulianadorp.nl\/de\/wp-json\/wp\/v2\/users\/1"}],"replies":[{"embeddable":true,"href":"https:\/\/kleurrijkjulianadorp.nl\/de\/wp-json\/wp\/v2\/comments?post=118"}],"version-history":[{"count":9,"href":"https:\/\/kleurrijkjulianadorp.nl\/de\/wp-json\/wp\/v2\/pages\/118\/revisions"}],"predecessor-version":[{"id":1605,"href":"https:\/\/kleurrijkjulianadorp.nl\/de\/wp-json\/wp\/v2\/pages\/118\/revisions\/1605"}],"wp:featuredmedia":[{"embeddable":true,"href":"https:\/\/kleurrijkjulianadorp.nl\/de\/wp-json\/wp\/v2\/media\/1957"}],"wp:attachment":[{"href":"https:\/\/kleurrijkjulianadorp.nl\/de\/wp-json\/wp\/v2\/media?parent=118"}],"curies":[{"name":"wp","href":"https:\/\/api.w.org\/{rel}","templated":true}]}}